{"id":69,"date":"2024-06-26T07:35:10","date_gmt":"2024-06-26T06:35:10","guid":{"rendered":"https:\/\/anmeldung.tieraerztekammer-schleswig-holstein.de\/?page_id=69"},"modified":"2024-11-11T13:12:25","modified_gmt":"2024-11-11T12:12:25","slug":"vielen-dank-fuer-ihr-interesse-am-tieraerztetag-2025","status":"publish","type":"page","link":"https:\/\/anmeldung.tieraerztekammer-schleswig-holstein.de\/","title":{"rendered":""},"content":{"rendered":"\n<h2 class=\"wp-block-heading\">Vielen Dank f\u00fcr Ihr Interesse am Tier\u00e4rztetag 2025!<\/h2>\n\n\n\n<p>Der 8. Tier\u00e4rztetag ist nun ausgebucht.<\/p>\n\n\n\n<p>Wir freuen uns, Sie zu diesem besonderen Event begr\u00fc\u00dfen zu d\u00fcrfen.<\/p>\n\n\n\n<p><\/p>\n","protected":false},"excerpt":{"rendered":"<p>Vielen Dank f\u00fcr Ihr Interesse am Tier\u00e4rztetag 2025! Der 8. Tier\u00e4rztetag ist nun ausgebucht. Wir freuen uns, Sie zu diesem besonderen Event begr\u00fc\u00dfen zu d\u00fcrfen.<\/p>\n","protected":false},"author":1,"featured_media":0,"parent":0,"menu_order":0,"comment_status":"closed","ping_status":"closed","template":"","meta":{"footnotes":""},"class_list":["post-69","page","type-page","status-publish","hentry"],"_links":{"self":[{"href":"https:\/\/anmeldung.tieraerztekammer-schleswig-holstein.de\/index.php?rest_route=\/wp\/v2\/pages\/69","targetHints":{"allow":["GET"]}}],"collection":[{"href":"https:\/\/anmeldung.tieraerztekammer-schleswig-holstein.de\/index.php?rest_route=\/wp\/v2\/pages"}],"about":[{"href":"https:\/\/anmeldung.tieraerztekammer-schleswig-holstein.de\/index.php?rest_route=\/wp\/v2\/types\/page"}],"author":[{"embeddable":true,"href":"https:\/\/anmeldung.tieraerztekammer-schleswig-holstein.de\/index.php?rest_route=\/wp\/v2\/users\/1"}],"replies":[{"embeddable":true,"href":"https:\/\/anmeldung.tieraerztekammer-schleswig-holstein.de\/index.php?rest_route=%2Fwp%2Fv2%2Fcomments&post=69"}],"version-history":[{"count":6,"href":"https:\/\/anmeldung.tieraerztekammer-schleswig-holstein.de\/index.php?rest_route=\/wp\/v2\/pages\/69\/revisions"}],"predecessor-version":[{"id":132,"href":"https:\/\/anmeldung.tieraerztekammer-schleswig-holstein.de\/index.php?rest_route=\/wp\/v2\/pages\/69\/revisions\/132"}],"wp:attachment":[{"href":"https:\/\/anmeldung.tieraerztekammer-schleswig-holstein.de\/index.php?rest_route=%2Fwp%2Fv2%2Fmedia&parent=69"}],"curies":[{"name":"wp","href":"https:\/\/api.w.org\/{rel}","templated":true}]}}